{"id":141,"date":"2020-11-15T08:42:10","date_gmt":"2020-11-15T06:42:10","guid":{"rendered":"http:\/\/web.dwshungary.hu\/?page_id=141"},"modified":"2023-01-06T17:17:20","modified_gmt":"2023-01-06T15:17:20","slug":"mercarius","status":"publish","type":"page","link":"https:\/\/www.dwsdigital.hu\/en\/mercarius\/","title":{"rendered":"Mercarius"},"content":{"rendered":"\n[et_pb_section fb_built=&#8221;1&#8243; fullwidth=&#8221;on&#8221; admin_label=&#8221;Header&#8221; _builder_version=&#8221;3.22&#8243; background_image=&#8221;https:\/\/www.dwsdigital.hu\/wp-content\/uploads\/2020\/11\/web-dev-03.png&#8221; parallax=&#8221;on&#8221; animation_style=&#8221;fade&#8221;][et_pb_fullwidth_header title=&#8221;Mercarius Flottakezel\u0151&#8221; subhead=&#8221;Digit\u00e1lis szerz\u0151d\u00e9snyilv\u00e1ntart\u00e1s&#8221; content_max_width=&#8221;640px&#8221; _builder_version=&#8221;4.7.0&#8243; title_font=&#8221;Lato|900|||||||&#8221; title_font_size=&#8221;40px&#8221; title_line_height=&#8221;1.5em&#8221; content_font=&#8221;||||||||&#8221; content_font_size=&#8221;16px&#8221; content_line_height=&#8221;2em&#8221; use_background_color_gradient=&#8221;on&#8221; background_color_gradient_start=&#8221;#474ab6&#8243; background_color_gradient_end=&#8221;#9271f6&#8243; background_image=&#8221;https:\/\/www.dwsdigital.hu\/wp-content\/uploads\/2020\/11\/coding-background-texture.jpg&#8221; background_blend=&#8221;overlay&#8221; custom_button_one=&#8221;on&#8221; button_one_text_size=&#8221;14px&#8221; button_one_text_color=&#8221;#ffffff&#8221; button_one_bg_color=&#8221;rgba(255,255,255,0)&#8221; button_one_border_width=&#8221;12px&#8221; button_one_border_color=&#8221;rgba(0,0,0,0)&#8221; button_one_border_radius=&#8221;0px&#8221; button_one_letter_spacing=&#8221;2px&#8221; button_one_font=&#8221;|600||on|||||&#8221; button_one_icon=&#8221;%%24%%&#8221; button_one_on_hover=&#8221;off&#8221; custom_button_two=&#8221;on&#8221; button_two_text_size=&#8221;14px&#8221; button_two_text_color=&#8221;#ffffff&#8221; button_two_bg_color=&#8221;rgba(255,255,255,0)&#8221; button_two_border_width=&#8221;12px&#8221; button_two_border_color=&#8221;rgba(0,0,0,0)&#8221; button_two_border_radius=&#8221;0px&#8221; button_two_letter_spacing=&#8221;2px&#8221; button_two_font=&#8221;|600||on|||||&#8221; button_two_icon=&#8221;%%24%%&#8221; button_two_on_hover=&#8221;off&#8221; custom_margin=&#8221;|||&#8221; custom_padding=&#8221;10vw||25vw||false&#8221; animation_style=&#8221;zoom&#8221; animation_intensity_zoom=&#8221;-5%&#8221; title_font_size_tablet=&#8221;&#8221; title_font_size_phone=&#8221;25px&#8221; title_font_size_last_edited=&#8221;on|desktop&#8221; box_shadow_style_button_one=&#8221;preset1&#8243; box_shadow_vertical_button_one=&#8221;0px&#8221; box_shadow_blur_button_one=&#8221;0px&#8221; box_shadow_spread_button_one=&#8221;2px&#8221; box_shadow_color_button_one=&#8221;#ffffff&#8221; box_shadow_style_button_two=&#8221;preset1&#8243; box_shadow_vertical_button_two=&#8221;0px&#8221; box_shadow_blur_button_two=&#8221;0px&#8221; box_shadow_spread_button_two=&#8221;2px&#8221; box_shadow_color_button_two=&#8221;#ffffff&#8221; button_one_letter_spacing_hover=&#8221;2px&#8221; button_two_letter_spacing_hover=&#8221;2px&#8221; button_one_text_size__hover_enabled=&#8221;off&#8221; button_two_text_size__hover_enabled=&#8221;off&#8221; button_one_text_color__hover_enabled=&#8221;off&#8221; button_two_text_color__hover_enabled=&#8221;off&#8221; button_one_border_width__hover_enabled=&#8221;off&#8221; button_two_border_width__hover_enabled=&#8221;off&#8221; button_one_border_color__hover_enabled=&#8221;off&#8221; button_two_border_color__hover_enabled=&#8221;off&#8221; button_one_border_radius__hover_enabled=&#8221;off&#8221; button_two_border_radius__hover_enabled=&#8221;off&#8221; button_one_letter_spacing__hover_enabled=&#8221;on&#8221; button_one_letter_spacing__hover=&#8221;2px&#8221; button_two_letter_spacing__hover_enabled=&#8221;on&#8221; button_two_letter_spacing__hover=&#8221;2px&#8221; button_one_bg_color__hover_enabled=&#8221;off&#8221; button_two_bg_color__hover_enabled=&#8221;off&#8221;][\/et_pb_fullwidth_header][et_pb_fullwidth_image src=&#8221;https:\/\/www.dwsdigital.hu\/wp-content\/uploads\/2021\/01\/Web6.png&#8221; title_text=&#8221;Web6&#8243; _builder_version=&#8221;4.7.7&#8243; z_index=&#8221;10&#8243; custom_margin=&#8221;-30%|||&#8221; animation_style=&#8221;zoom&#8221; animation_direction=&#8221;bottom&#8221; animation_duration=&#8221;1400ms&#8221; animation_intensity_zoom=&#8221;5%&#8221;][\/et_pb_fullwidth_image][\/et_pb_section][et_pb_section fb_built=&#8221;1&#8243; admin_label=&#8221;Details&#8221; _builder_version=&#8221;3.22&#8243; custom_padding=&#8221;54px|0px|0|0px|false|false&#8221; box_shadow_style=&#8221;preset7&#8243; box_shadow_horizontal=&#8221;0px&#8221; box_shadow_vertical=&#8221;-250px&#8221; box_shadow_color=&#8221;#f7f8fc&#8221;][et_pb_row _builder_version=&#8221;3.25&#8243;][et_pb_column type=&#8221;4_4&#8243; _builder_version=&#8221;3.25&#8243; custom_padding=&#8221;|||&#8221; custom_padding__hover=&#8221;|||&#8221;][et_pb_text _builder_version=&#8221;4.7.2&#8243; text_font=&#8221;||||||||&#8221; text_line_height=&#8221;2em&#8221; header_font=&#8221;||||||||&#8221; header_3_font=&#8221;Lato|700|||||||&#8221; header_3_line_height=&#8221;2em&#8221; text_orientation=&#8221;center&#8221; max_width=&#8221;800px&#8221; module_alignment=&#8221;center&#8221; locked=&#8221;off&#8221;]<h3>C\u00e9g\u00fcnk 2020-ban megb\u00edz\u00e1st kapott a Mercarius Flottakezel\u0151 Kft. \u00fcgyf\u00e9lszerz\u0151d\u00e9seinek digitaliz\u00e1l\u00e1s\u00e1ra, digit\u00e1lis iratt\u00e1r kialak\u00edt\u00e1s\u00e1ra \u00e9s addig irod\u00e1ban tartott szerz\u0151d\u00e9sek k\u00fcls\u0151 iratt\u00e1rban t\u00f6rt\u00e9n\u0151 elhelyez\u00e9s\u00e9re.<\/h3>[\/et_pb_text][\/et_pb_column][\/et_pb_row][et_pb_row column_structure=&#8221;1_5,1_5,1_5,1_5,1_5&#8243; _builder_version=&#8221;3.25&#8243; custom_padding=&#8221;27px|0|27px|0px|false|false&#8221;][et_pb_column type=&#8221;1_5&#8243; _builder_version=&#8221;3.25&#8243; custom_padding=&#8221;|||&#8221; custom_padding__hover=&#8221;|||&#8221;][et_pb_text ul_type=&#8221;square&#8221; _builder_version=&#8221;4.7.2&#8243; text_font=&#8221;||||||||&#8221; text_line_height=&#8221;1.8em&#8221; ul_font=&#8221;||||||||&#8221; header_3_font=&#8221;Lato|700||on|||||&#8221; header_3_font_size=&#8221;12px&#8221; header_3_letter_spacing=&#8221;3px&#8221; header_3_line_height=&#8221;2em&#8221; animation_style=&#8221;fade&#8221; animation_direction=&#8221;right&#8221; locked=&#8221;off&#8221;]<h3>\u00dcgyf\u00e9l<\/h3>\n<ul>\n<li>A magyar aut\u00f3k\u00f6lcs\u00f6nz\u00e9si piac meghat\u00e1roz\u00f3 szerepl\u0151je<\/li>\n<\/ul>[\/et_pb_text][\/et_pb_column][et_pb_column type=&#8221;1_5&#8243; _builder_version=&#8221;3.25&#8243; custom_padding=&#8221;60px|||&#8221; custom_padding_tablet=&#8221;0px|||&#8221; custom_padding_phone=&#8221;&#8221; custom_padding_last_edited=&#8221;on|tablet&#8221; padding_tablet=&#8221;0px|||&#8221; padding_last_edited=&#8221;on|tablet&#8221; custom_padding__hover=&#8221;|||&#8221;][et_pb_text ul_type=&#8221;square&#8221; _builder_version=&#8221;4.7.2&#8243; text_font=&#8221;||||||||&#8221; text_line_height=&#8221;1.8em&#8221; ul_font=&#8221;||||||||&#8221; header_3_font=&#8221;Lato|700||on|||||&#8221; header_3_font_size=&#8221;12px&#8221; header_3_letter_spacing=&#8221;3px&#8221; header_3_line_height=&#8221;2em&#8221; animation_style=&#8221;slide&#8221; animation_direction=&#8221;top&#8221; animation_intensity_slide=&#8221;25%&#8221; locked=&#8221;off&#8221;]<h3>Feladatok<\/h3>\n<ul>\n<li>Besz\u00e1ll\u00edt\u00e1s<\/li>\n<li>Mapp\u00e1b\u00f3l kiv\u00e9tel, kapocstalan\u00edt\u00e1s<\/li>\n<li>Vonalk\u00f3ddal ell\u00e1t\u00e1s<\/li>\n<li>Szkennel\u00e9s<\/li>\n<li>OCR-ez\u00e9s<\/li>\n<li>Adatr\u00f6gz\u00edt\u00e9s<\/li>\n<li>Dobozba elhelyez\u00e9s elv\u00e1laszt\u00f3lapokkal<\/li>\n<li>Sz\u00e1ll\u00edt\u00e1s k\u00fcls\u0151 iratt\u00e1rba<\/li>\n<\/ul>[\/et_pb_text][\/et_pb_column][et_pb_column type=&#8221;1_5&#8243; _builder_version=&#8221;3.25&#8243; custom_padding=&#8221;120px|||&#8221; custom_padding_tablet=&#8221;0px|||&#8221; custom_padding_phone=&#8221;&#8221; custom_padding_last_edited=&#8221;on|tablet&#8221; padding_tablet=&#8221;0px|||&#8221; padding_last_edited=&#8221;on|tablet&#8221; custom_padding__hover=&#8221;|||&#8221;][et_pb_text ul_type=&#8221;square&#8221; _builder_version=&#8221;4.7.2&#8243; text_font=&#8221;||||||||&#8221; text_line_height=&#8221;1.8em&#8221; ul_font=&#8221;||||||||&#8221; header_3_font=&#8221;Lato|700||on|||||&#8221; header_3_font_size=&#8221;12px&#8221; header_3_letter_spacing=&#8221;3px&#8221; header_3_line_height=&#8221;2em&#8221; animation_style=&#8221;slide&#8221; animation_direction=&#8221;top&#8221; animation_intensity_slide=&#8221;40%&#8221; locked=&#8221;off&#8221;]<h3>Felhaszn\u00e1lt eszk\u00f6z\u00f6k<\/h3>\n<ul>\n<li><span style=\"font-size: 14px;\">Vonalk\u00f3d nyomtat\u00f3<\/span><\/li>\n<li>Nagyteljes\u00edtm\u00e9ny\u0171 Canon scanner<\/li>\n<\/ul>[\/et_pb_text][\/et_pb_column][et_pb_column type=&#8221;1_5&#8243; _builder_version=&#8221;3.25&#8243; custom_padding=&#8221;60px|||&#8221; custom_padding_tablet=&#8221;0px|||&#8221; custom_padding_phone=&#8221;&#8221; custom_padding_last_edited=&#8221;on|tablet&#8221; padding_tablet=&#8221;0px|||&#8221; padding_last_edited=&#8221;on|tablet&#8221; custom_padding__hover=&#8221;|||&#8221;][et_pb_text ul_type=&#8221;square&#8221; _builder_version=&#8221;4.7.2&#8243; text_font=&#8221;||||||||&#8221; text_line_height=&#8221;1.8em&#8221; ul_font=&#8221;||||||||&#8221; header_3_font=&#8221;Lato|700||on|||||&#8221; header_3_font_size=&#8221;12px&#8221; header_3_letter_spacing=&#8221;3px&#8221; header_3_line_height=&#8221;2em&#8221; animation_style=&#8221;slide&#8221; animation_direction=&#8221;top&#8221; animation_intensity_slide=&#8221;25%&#8221; locked=&#8221;off&#8221;]<h3>Felhaszn\u00e1lt Szoftverek<\/h3>\n<ul>\n<li>Kofax Express<\/li>\n<li>DocIT<\/li>\n<li>Mesters\u00e9ges intelligenci\u00e1val seg\u00edtett adatr\u00f6gz\u00edt\u00e9s<\/li>\n<\/ul>[\/et_pb_text][\/et_pb_column][et_pb_column type=&#8221;1_5&#8243; _builder_version=&#8221;3.25&#8243; custom_padding=&#8221;|||&#8221; custom_padding__hover=&#8221;|||&#8221;][et_pb_text ul_type=&#8221;square&#8221; _builder_version=&#8221;4.7.2&#8243; text_font=&#8221;||||||||&#8221; text_line_height=&#8221;1.8em&#8221; link_font=&#8221;||||||||&#8221; link_text_color=&#8221;#0054ff&#8221; ul_font=&#8221;||||||||&#8221; quote_font=&#8221;||||||||&#8221; header_3_font=&#8221;Lato|700||on|||||&#8221; header_3_font_size=&#8221;12px&#8221; header_3_letter_spacing=&#8221;3px&#8221; header_3_line_height=&#8221;2em&#8221; animation_style=&#8221;fade&#8221; animation_direction=&#8221;right&#8221; locked=&#8221;off&#8221;]<h3>\u00dczleti el\u0151ny\u00f6k<\/h3>\n<ul>\n<li>Alacsonyabb t\u00e1rol\u00e1si k\u00f6lts\u00e9g<a href=\"#\"><\/a><\/li>\n<li>Megsz\u0171n\u0151 keres\u00e9si k\u00f6lts\u00e9gek<\/li>\n<li>Home office-b\u00f3l el\u00e9rhet\u0151 szerz\u0151d\u00e9sek<\/li>\n<li>Tud\u00e1st\u00e1r<\/li>\n<li>Becs\u00fclt megt\u00e9r\u00fcl\u00e9si id\u0151: 1 \u00e9v<\/li>\n<\/ul>[\/et_pb_text][\/et_pb_column][\/et_pb_row][\/et_pb_section][et_pb_section fb_built=&#8221;1&#8243; fullwidth=&#8221;on&#8221; _builder_version=&#8221;4.7.3&#8243; _module_preset=&#8221;default&#8221; locked=&#8221;off&#8221;][et_pb_fullwidth_slider _builder_version=&#8221;4.9.0&#8243; _module_preset=&#8221;default&#8221; hover_enabled=&#8221;0&#8243; sticky_enabled=&#8221;0&#8243;][et_pb_slide heading=&#8221;Besz\u00e1ll\u00edt\u00e1s&#8221; image=&#8221;https:\/\/www.dwsdigital.hu\/wp-content\/uploads\/2020\/11\/Picture1.jpg&#8221; _builder_version=&#8221;4.9.0&#8243; _module_preset=&#8221;default&#8221; hover_enabled=&#8221;0&#8243; sticky_transition=&#8221;on&#8221; alt=&#8221;dokumentumok besz\u00e1ll\u00edt\u00e1sa&#8221; title_text=&#8221;Picture1&#8243; sticky_enabled=&#8221;0&#8243;]<p>A dokumentumokat sz\u00ednes irodai mapp\u00e1kban kaptuk meg feldolgoz\u00e1sra.<\/p>[\/et_pb_slide][et_pb_slide heading=&#8221;Iratok el\u0151k\u00e9sz\u00edt\u00e9se&#8221; image=&#8221;https:\/\/www.dwsdigital.hu\/wp-content\/uploads\/2020\/11\/20200615_123415-scaled.jpg&#8221; _builder_version=&#8221;4.9.0&#8243; _module_preset=&#8221;default&#8221; hover_enabled=&#8221;0&#8243; sticky_transition=&#8221;on&#8221; alt=&#8221;Iratok el\u0151k\u00e9sz\u00edt\u00e9se szkennel\u00e9sre&#8221; title_text=&#8221;20200615_123415&#8243; sticky_enabled=&#8221;0&#8243;]<p>A szkennel\u00e9s el\u0151tt a szerz\u0151d\u00e9seket kivett\u00fck a mapp\u00e1kb\u00f3l \u00e9s vonalk\u00f3d c\u00edmk\u00e9kkel l\u00e1ttuk el \u0151ket.<\/p>[\/et_pb_slide][et_pb_slide heading=&#8221;Szkennel\u00e9s&#8221; image=&#8221;https:\/\/www.dwsdigital.hu\/wp-content\/uploads\/2020\/11\/20200615_123406-scaled.jpg&#8221; _builder_version=&#8221;4.9.0&#8243; _module_preset=&#8221;default&#8221; hover_enabled=&#8221;0&#8243; sticky_transition=&#8221;on&#8221; alt=&#8221;iratok szkennel\u00e9se&#8221; title_text=&#8221;20200615_123406&#8243; sticky_enabled=&#8221;0&#8243;]<p>Ezt k\u00f6vet\u0151en t\u00f6rt\u00e9nt meg a szkennel\u00e9s a nagyteljes\u00edtm\u00e9ny\u0171 Canon szkenneren.<\/p>[\/et_pb_slide][et_pb_slide heading=&#8221;Visszarendez\u00e9s&#8221; image=&#8221;https:\/\/www.dwsdigital.hu\/wp-content\/uploads\/2020\/11\/Picture2.jpg&#8221; _builder_version=&#8221;4.9.0&#8243; _module_preset=&#8221;default&#8221; hover_enabled=&#8221;0&#8243; sticky_transition=&#8221;on&#8221; alt=&#8221;Iratok visszarendez\u00e9se&#8221; title_text=&#8221;Picture2&#8243; sticky_enabled=&#8221;0&#8243;]<p>Az iratok ezt k\u00f6vet\u0151en lapokkal elv\u00e1lasztva ker\u00fcltek ism\u00e9t dobozokba.<\/p>[\/et_pb_slide][\/et_pb_fullwidth_slider][\/et_pb_section][et_pb_section fb_built=&#8221;1&#8243; fullwidth=&#8221;on&#8221; admin_label=&#8221;Footer&#8221; _builder_version=&#8221;3.22&#8243;][et_pb_fullwidth_header title=&#8221;\u00d6n is szeretne digit\u00e1lis szerz\u0151d\u00e9snyilv\u00e1ntart\u00e1st?&#8221; subhead=&#8221;Ingyenes felm\u00e9r\u00e9s&#8221; text_orientation=&#8221;center&#8221; button_one_text=&#8221;L\u00e9pjen kapcsolatba vel\u00fcnk&#8221; button_one_url=&#8221;@ET-DC@eyJkeW5hbWljIjp0cnVlLCJjb250ZW50IjoicG9zdF9saW5rX3VybF9wYWdlIiwic2V0dGluZ3MiOnsicG9zdF9pZCI6IjE3OCJ9fQ==@&#8221; button_two_text=&#8221;\u00c1rak&#8221; button_two_url=&#8221;@ET-DC@eyJkeW5hbWljIjp0cnVlLCJjb250ZW50IjoicG9zdF9saW5rX3VybF9wYWdlIiwic2V0dGluZ3MiOnsicG9zdF9pZCI6IjI1MiJ9fQ==@&#8221; _builder_version=&#8221;4.7.0&#8243; _dynamic_attributes=&#8221;button_one_url,button_two_url&#8221; title_font=&#8221;Lato|900|||||||&#8221; title_font_size=&#8221;40px&#8221; title_line_height=&#8221;1.5em&#8221; content_font=&#8221;||||||||&#8221; content_font_size=&#8221;16px&#8221; content_line_height=&#8221;2em&#8221; subhead_font=&#8221;|700||on|||||&#8221; subhead_font_size=&#8221;14px&#8221; subhead_letter_spacing=&#8221;2px&#8221; background_color=&#8221;rgba(0,0,0,0)&#8221; custom_button_one=&#8221;on&#8221; button_one_text_size=&#8221;14px&#8221; button_one_text_color=&#8221;#ffffff&#8221; button_one_bg_color=&#8221;#0054ff&#8221; button_one_border_width=&#8221;14px&#8221; button_one_border_color=&#8221;rgba(0,0,0,0)&#8221; button_one_border_radius=&#8221;0px&#8221; button_one_letter_spacing=&#8221;2px&#8221; button_one_font=&#8221;|600||on|||||&#8221; button_one_icon=&#8221;%%24%%&#8221; button_one_on_hover=&#8221;off&#8221; custom_button_two=&#8221;on&#8221; button_two_text_size=&#8221;14px&#8221; button_two_text_color=&#8221;#0054ff&#8221; button_two_bg_color=&#8221;rgba(255,255,255,0)&#8221; button_two_border_width=&#8221;12px&#8221; button_two_border_color=&#8221;rgba(0,0,0,0)&#8221; button_two_border_radius=&#8221;0px&#8221; button_two_letter_spacing=&#8221;2px&#8221; button_two_font=&#8221;|600||on|||||&#8221; button_two_icon=&#8221;%%24%%&#8221; button_two_on_hover=&#8221;off&#8221; background_layout=&#8221;light&#8221; custom_margin=&#8221;|||&#8221; custom_padding=&#8221;|||&#8221; animation_style=&#8221;zoom&#8221; animation_intensity_zoom=&#8221;-5%&#8221; title_font_size_tablet=&#8221;&#8221; title_font_size_phone=&#8221;25px&#8221; title_font_size_last_edited=&#8221;on|desktop&#8221; box_shadow_style_button_two=&#8221;preset1&#8243; box_shadow_vertical_button_two=&#8221;0px&#8221; box_shadow_blur_button_two=&#8221;0px&#8221; box_shadow_spread_button_two=&#8221;2px&#8221; box_shadow_color_button_two=&#8221;#0054ff&#8221; button_one_letter_spacing_hover=&#8221;2px&#8221; button_two_letter_spacing_hover=&#8221;2px&#8221; locked=&#8221;off&#8221; button_one_text_size__hover_enabled=&#8221;off&#8221; button_two_text_size__hover_enabled=&#8221;off&#8221; button_one_text_color__hover_enabled=&#8221;off&#8221; button_two_text_color__hover_enabled=&#8221;off&#8221; button_one_border_width__hover_enabled=&#8221;off&#8221; button_two_border_width__hover_enabled=&#8221;off&#8221; button_one_border_color__hover_enabled=&#8221;off&#8221; button_two_border_color__hover_enabled=&#8221;off&#8221; button_one_border_radius__hover_enabled=&#8221;off&#8221; button_two_border_radius__hover_enabled=&#8221;off&#8221; button_one_letter_spacing__hover_enabled=&#8221;on&#8221; button_one_letter_spacing__hover=&#8221;2px&#8221; button_two_letter_spacing__hover_enabled=&#8221;on&#8221; button_two_letter_spacing__hover=&#8221;2px&#8221; button_one_bg_color__hover_enabled=&#8221;off&#8221; button_two_bg_color__hover_enabled=&#8221;off&#8221;][\/et_pb_fullwidth_header][\/et_pb_section][et_pb_section fb_built=&#8221;1&#8243; admin_label=&#8221;Social&#8221; _builder_version=&#8221;3.22&#8243;][et_pb_row _builder_version=&#8221;3.25&#8243;][et_pb_column type=&#8221;4_4&#8243; _builder_version=&#8221;3.25&#8243; custom_padding=&#8221;|||&#8221; custom_padding__hover=&#8221;|||&#8221;][et_pb_social_media_follow _builder_version=&#8221;4.8.2&#8243; text_orientation=&#8221;center&#8221; filter_invert=&#8221;100%&#8221; locked=&#8221;off&#8221;][et_pb_social_media_follow_network social_network=&#8221;facebook&#8221; url=&#8221;https:\/\/www.facebook.com\/dwsdigital&#8221; _builder_version=&#8221;4.8.2&#8243; custom_margin=&#8221;6px|6px|6px|6px|true|true&#8221; custom_padding=&#8221;12px|12px|12px|12px|true|true&#8221; border_radii=&#8221;on|100px|100px|100px|100px&#8221; border_width_all=&#8221;3px&#8221; border_color_all=&#8221;rgba(255,255,255,0.12)&#8221; follow_button=&#8221;off&#8221; url_new_window=&#8221;on&#8221;]facebook[\/et_pb_social_media_follow_network][\/et_pb_social_media_follow][\/et_pb_column][\/et_pb_row][\/et_pb_section]\n","protected":false},"excerpt":{"rendered":"<p>C\u00e9g\u00fcnk 2020-ban megb\u00edz\u00e1st kapott a Mercarius Flottakezel\u0151 Kft. \u00fcgyf\u00e9lszerz\u0151d\u00e9seinek digitaliz\u00e1l\u00e1s\u00e1ra, digit\u00e1lis iratt\u00e1r kialak\u00edt\u00e1s\u00e1ra \u00e9s addig irod\u00e1ban tartott szerz\u0151d\u00e9sek k\u00fcls\u0151 iratt\u00e1rban t\u00f6rt\u00e9n\u0151 elhelyez\u00e9s\u00e9re.\u00dcgyf\u00e9l A magyar aut\u00f3k\u00f6lcs\u00f6nz\u00e9si piac meghat\u00e1roz\u00f3 szerepl\u0151je Feladatok Besz\u00e1ll\u00edt\u00e1s Mapp\u00e1b\u00f3l kiv\u00e9tel, kapocstalan\u00edt\u00e1s Vonalk\u00f3ddal ell\u00e1t\u00e1s Szkennel\u00e9s OCR-ez\u00e9s Adatr\u00f6gz\u00edt\u00e9s Dobozba elhelyez\u00e9s elv\u00e1laszt\u00f3lapokkal Sz\u00e1ll\u00edt\u00e1s k\u00fcls\u0151 iratt\u00e1rba Felhaszn\u00e1lt eszk\u00f6z\u00f6k Vonalk\u00f3d nyomtat\u00f3 Nagyteljes\u00edtm\u00e9ny\u0171 Canon scanner Felhaszn\u00e1lt Szoftverek Kofax Express [&hellip;]<\/p>\n","protected":false},"author":1,"featured_media":0,"parent":0,"menu_order":0,"comment_status":"closed","ping_status":"closed","template":"","meta":{"_et_pb_use_builder":"on","_et_pb_old_content":"","_et_gb_content_width":"","_monsterinsights_skip_tracking":false,"_monsterinsights_sitenote_active":false,"_monsterinsights_sitenote_note":"","_monsterinsights_sitenote_category":0,"footnotes":""},"class_list":["post-141","page","type-page","status-publish","hentry"],"yoast_head":"<!-- This site is optimized with the Yoast SEO plugin v27.4 - https:\/\/yoast.com\/product\/yoast-seo-wordpress\/ -->\n<title>Digitaliz\u00e1lt iratt\u00e1r referenci\u00e1ink<\/title>\n<meta name=\"description\" content=\"Digit\u00e1lis dokumentumkezel\u00e9sben val\u00f3 nagy tapasztalatunk \u00e9s hat\u00e9kony munkafolyamataink ok\u00e1n a Mercarius is minket v\u00e1lasztott. Ismerje meg kapcsolatunkat!\" \/>\n<meta name=\"robots\" content=\"index, follow, max-snippet:-1, max-image-preview:large, max-video-preview:-1\" \/>\n<link rel=\"canonical\" href=\"https:\/\/www.dwsdigital.hu\/en\/mercarius\/\" \/>\n<meta property=\"og:locale\" content=\"en_GB\" \/>\n<meta property=\"og:type\" content=\"article\" \/>\n<meta property=\"og:title\" content=\"Digitaliz\u00e1lt iratt\u00e1r referenci\u00e1ink\" \/>\n<meta property=\"og:description\" content=\"Digit\u00e1lis dokumentumkezel\u00e9sben val\u00f3 nagy tapasztalatunk \u00e9s hat\u00e9kony munkafolyamataink ok\u00e1n a Mercarius is minket v\u00e1lasztott. Ismerje meg kapcsolatunkat!\" \/>\n<meta property=\"og:url\" content=\"https:\/\/www.dwsdigital.hu\/en\/mercarius\/\" \/>\n<meta property=\"og:site_name\" content=\"DWS Digital Kft.\" \/>\n<meta property=\"article:modified_time\" content=\"2023-01-06T15:17:20+00:00\" \/>\n<meta name=\"twitter:card\" content=\"summary_large_image\" \/>\n<meta name=\"twitter:label1\" content=\"Estimated reading time\" \/>\n\t<meta name=\"twitter:data1\" content=\"3 minutes\" \/>\n<script type=\"application\/ld+json\" class=\"yoast-schema-graph\">{\"@context\":\"https:\\\/\\\/schema.org\",\"@graph\":[{\"@type\":\"WebPage\",\"@id\":\"https:\\\/\\\/www.dwsdigital.hu\\\/mercarius\\\/\",\"url\":\"https:\\\/\\\/www.dwsdigital.hu\\\/mercarius\\\/\",\"name\":\"Digitaliz\u00e1lt iratt\u00e1r referenci\u00e1ink\",\"isPartOf\":{\"@id\":\"https:\\\/\\\/www.dwsdigital.hu\\\/#website\"},\"datePublished\":\"2020-11-15T06:42:10+00:00\",\"dateModified\":\"2023-01-06T15:17:20+00:00\",\"description\":\"Digit\u00e1lis dokumentumkezel\u00e9sben val\u00f3 nagy tapasztalatunk \u00e9s hat\u00e9kony munkafolyamataink ok\u00e1n a Mercarius is minket v\u00e1lasztott. Ismerje meg kapcsolatunkat!\",\"breadcrumb\":{\"@id\":\"https:\\\/\\\/www.dwsdigital.hu\\\/mercarius\\\/#breadcrumb\"},\"inLanguage\":\"en-GB\",\"potentialAction\":[{\"@type\":\"ReadAction\",\"target\":[\"https:\\\/\\\/www.dwsdigital.hu\\\/mercarius\\\/\"]}]},{\"@type\":\"BreadcrumbList\",\"@id\":\"https:\\\/\\\/www.dwsdigital.hu\\\/mercarius\\\/#breadcrumb\",\"itemListElement\":[{\"@type\":\"ListItem\",\"position\":1,\"name\":\"Home\",\"item\":\"https:\\\/\\\/www.dwsdigital.hu\\\/\"},{\"@type\":\"ListItem\",\"position\":2,\"name\":\"Mercarius\"}]},{\"@type\":\"WebSite\",\"@id\":\"https:\\\/\\\/www.dwsdigital.hu\\\/#website\",\"url\":\"https:\\\/\\\/www.dwsdigital.hu\\\/\",\"name\":\"DWS Digital Kft.\",\"description\":\"Iratdigitaliz\u00e1l\u00e1si megold\u00e1sok\",\"potentialAction\":[{\"@type\":\"SearchAction\",\"target\":{\"@type\":\"EntryPoint\",\"urlTemplate\":\"https:\\\/\\\/www.dwsdigital.hu\\\/?s={search_term_string}\"},\"query-input\":{\"@type\":\"PropertyValueSpecification\",\"valueRequired\":true,\"valueName\":\"search_term_string\"}}],\"inLanguage\":\"en-GB\"}]}<\/script>\n<!-- \/ Yoast SEO plugin. -->","yoast_head_json":{"title":"Digitaliz\u00e1lt iratt\u00e1r referenci\u00e1ink","description":"Digit\u00e1lis dokumentumkezel\u00e9sben val\u00f3 nagy tapasztalatunk \u00e9s hat\u00e9kony munkafolyamataink ok\u00e1n a Mercarius is minket v\u00e1lasztott. Ismerje meg kapcsolatunkat!","robots":{"index":"index","follow":"follow","max-snippet":"max-snippet:-1","max-image-preview":"max-image-preview:large","max-video-preview":"max-video-preview:-1"},"canonical":"https:\/\/www.dwsdigital.hu\/en\/mercarius\/","og_locale":"en_GB","og_type":"article","og_title":"Digitaliz\u00e1lt iratt\u00e1r referenci\u00e1ink","og_description":"Digit\u00e1lis dokumentumkezel\u00e9sben val\u00f3 nagy tapasztalatunk \u00e9s hat\u00e9kony munkafolyamataink ok\u00e1n a Mercarius is minket v\u00e1lasztott. Ismerje meg kapcsolatunkat!","og_url":"https:\/\/www.dwsdigital.hu\/en\/mercarius\/","og_site_name":"DWS Digital Kft.","article_modified_time":"2023-01-06T15:17:20+00:00","twitter_card":"summary_large_image","twitter_misc":{"Estimated reading time":"3 minutes"},"schema":{"@context":"https:\/\/schema.org","@graph":[{"@type":"WebPage","@id":"https:\/\/www.dwsdigital.hu\/mercarius\/","url":"https:\/\/www.dwsdigital.hu\/mercarius\/","name":"Digitaliz\u00e1lt iratt\u00e1r referenci\u00e1ink","isPartOf":{"@id":"https:\/\/www.dwsdigital.hu\/#website"},"datePublished":"2020-11-15T06:42:10+00:00","dateModified":"2023-01-06T15:17:20+00:00","description":"Digit\u00e1lis dokumentumkezel\u00e9sben val\u00f3 nagy tapasztalatunk \u00e9s hat\u00e9kony munkafolyamataink ok\u00e1n a Mercarius is minket v\u00e1lasztott. Ismerje meg kapcsolatunkat!","breadcrumb":{"@id":"https:\/\/www.dwsdigital.hu\/mercarius\/#breadcrumb"},"inLanguage":"en-GB","potentialAction":[{"@type":"ReadAction","target":["https:\/\/www.dwsdigital.hu\/mercarius\/"]}]},{"@type":"BreadcrumbList","@id":"https:\/\/www.dwsdigital.hu\/mercarius\/#breadcrumb","itemListElement":[{"@type":"ListItem","position":1,"name":"Home","item":"https:\/\/www.dwsdigital.hu\/"},{"@type":"ListItem","position":2,"name":"Mercarius"}]},{"@type":"WebSite","@id":"https:\/\/www.dwsdigital.hu\/#website","url":"https:\/\/www.dwsdigital.hu\/","name":"DWS Digital Kft.","description":"Data digitisation solutions","potentialAction":[{"@type":"SearchAction","target":{"@type":"EntryPoint","urlTemplate":"https:\/\/www.dwsdigital.hu\/?s={search_term_string}"},"query-input":{"@type":"PropertyValueSpecification","valueRequired":true,"valueName":"search_term_string"}}],"inLanguage":"en-GB"}]}},"_links":{"self":[{"href":"https:\/\/www.dwsdigital.hu\/en\/wp-json\/wp\/v2\/pages\/141","targetHints":{"allow":["GET"]}}],"collection":[{"href":"https:\/\/www.dwsdigital.hu\/en\/wp-json\/wp\/v2\/pages"}],"about":[{"href":"https:\/\/www.dwsdigital.hu\/en\/wp-json\/wp\/v2\/types\/page"}],"author":[{"embeddable":true,"href":"https:\/\/www.dwsdigital.hu\/en\/wp-json\/wp\/v2\/users\/1"}],"replies":[{"embeddable":true,"href":"https:\/\/www.dwsdigital.hu\/en\/wp-json\/wp\/v2\/comments?post=141"}],"version-history":[{"count":16,"href":"https:\/\/www.dwsdigital.hu\/en\/wp-json\/wp\/v2\/pages\/141\/revisions"}],"predecessor-version":[{"id":2153,"href":"https:\/\/www.dwsdigital.hu\/en\/wp-json\/wp\/v2\/pages\/141\/revisions\/2153"}],"wp:attachment":[{"href":"https:\/\/www.dwsdigital.hu\/en\/wp-json\/wp\/v2\/media?parent=141"}],"curies":[{"name":"wp","href":"https:\/\/api.w.org\/{rel}","templated":true}]}}