{"id":1433,"date":"2022-02-17T22:07:19","date_gmt":"2022-02-17T20:07:19","guid":{"rendered":"https:\/\/www.dwsdigital.hu\/?page_id=1433"},"modified":"2023-04-18T10:21:20","modified_gmt":"2023-04-18T08:21:20","slug":"koszonjuk-uzenetet","status":"publish","type":"page","link":"https:\/\/www.dwsdigital.hu\/en\/koszonjuk-uzenetet\/","title":{"rendered":"koszonjuk uzenetet"},"content":{"rendered":"<p>[et_pb_section fb_built=&#8221;1&#8243; _builder_version=&#8221;4.16&#8243; _module_preset=&#8221;default&#8221; global_colors_info=&#8221;{}&#8221;][et_pb_row _builder_version=&#8221;4.16&#8243; _module_preset=&#8221;default&#8221; global_colors_info=&#8221;{}&#8221;][et_pb_column type=&#8221;4_4&#8243; _builder_version=&#8221;4.16&#8243; _module_preset=&#8221;default&#8221; global_colors_info=&#8221;{}&#8221;][et_pb_text _builder_version=&#8221;4.16&#8243; _module_preset=&#8221;default&#8221; header_font=&#8221;|600|||||||&#8221; header_text_color=&#8221;#333333&#8243; global_colors_info=&#8221;{}&#8221;]<\/p>\n<h1 style=\"text-align: center;\">K\u00f6sz\u00f6nj\u00fck \u00fczenet\u00e9t!<\/h1>\n<p style=\"text-align: center;\">Koll\u00e9g\u00e1ink hamarosan felveszik \u00d6nnel a kapcsolatot.<\/p>\n<p style=\"text-align: center;\"><a href=\"\/\"><img loading=\"lazy\" decoding=\"async\" src=\"https:\/\/www.dwsdigital.hu\/wp-content\/uploads\/2020\/10\/dws-digital-logo-w2-300x83.jpg\" width=\"300\" height=\"83\" alt=\"\" class=\"wp-image-37 alignnone size-medium\" srcset=\"https:\/\/www.dwsdigital.hu\/wp-content\/uploads\/2020\/10\/dws-digital-logo-w2-300x83.jpg 300w, https:\/\/www.dwsdigital.hu\/wp-content\/uploads\/2020\/10\/dws-digital-logo-w2-1024x283.jpg 1024w, https:\/\/www.dwsdigital.hu\/wp-content\/uploads\/2020\/10\/dws-digital-logo-w2-768x213.jpg 768w, https:\/\/www.dwsdigital.hu\/wp-content\/uploads\/2020\/10\/dws-digital-logo-w2-1536x425.jpg 1536w, https:\/\/www.dwsdigital.hu\/wp-content\/uploads\/2020\/10\/dws-digital-logo-w2-2048x567.jpg 2048w, https:\/\/www.dwsdigital.hu\/wp-content\/uploads\/2020\/10\/dws-digital-logo-w2.jpg 1920w\" sizes=\"(max-width: 300px) 100vw, 300px\" \/><\/a><\/p>\n<p>[\/et_pb_text][\/et_pb_column][\/et_pb_row][et_pb_row _builder_version=&#8221;4.16&#8243; _module_preset=&#8221;default&#8221; global_colors_info=&#8221;{}&#8221;][et_pb_column type=&#8221;4_4&#8243; _builder_version=&#8221;4.16&#8243; _module_preset=&#8221;default&#8221; global_colors_info=&#8221;{}&#8221;][et_pb_text _builder_version=&#8221;4.16&#8243; _module_preset=&#8221;default&#8221; header_font=&#8221;|600||on|||||&#8221; header_text_color=&#8221;#333333&#8243; header_font_size=&#8221;20px&#8221; global_colors_info=&#8221;{}&#8221;]<\/p>\n<h1 style=\"text-align: center;\">Szolg\u00e1ltat\u00e1sainkr\u00f3l b\u0151vebben, az al\u00e1bbi c\u00edmekre kattintva olvashat<\/h1>\n<p>[\/et_pb_text][\/et_pb_column][\/et_pb_row][et_pb_row column_structure=&#8221;1_4,1_4,1_4,1_4&#8243; _builder_version=&#8221;4.16&#8243; _module_preset=&#8221;default&#8221; global_colors_info=&#8221;{}&#8221;][et_pb_column type=&#8221;1_4&#8243; _builder_version=&#8221;4.16&#8243; _module_preset=&#8221;default&#8221; custom_padding=&#8221;20px|20px|20px|20px|true|true&#8221; border_width_all=&#8221;4px&#8221; border_color_all=&#8221;#0054ff&#8221; global_colors_info=&#8221;{}&#8221;][et_pb_text _builder_version=&#8221;4.20.4&#8243; _module_preset=&#8221;default&#8221; link_font=&#8221;|||on|||||&#8221; link_text_color=&#8221;#676767&#8243; header_font=&#8221;|600||on|||||&#8221; header_text_color=&#8221;#0054ff&#8221; header_font_size=&#8221;18px&#8221; hover_enabled=&#8221;0&#8243; border_color_all=&#8221;#0054ff&#8221; global_colors_info=&#8221;{}&#8221; sticky_enabled=&#8221;0&#8243;]<\/p>\n<h1><a href=\"https:\/\/www.dwsdigital.hu\/digitalizalas\/\">Dokumentumok, iratok szkennel\u00e9se:<\/a><\/h1>\n<p>&nbsp;<\/p>\n<p><a href=\"https:\/\/www.dwsdigital.hu\/digitalizalas\/\">Irat szkennel\u00e9s<\/a>[\/et_pb_text][\/et_pb_column][et_pb_column type=&#8221;1_4&#8243; _builder_version=&#8221;4.16&#8243; _module_preset=&#8221;default&#8221; custom_padding=&#8221;20px|20px|20px|20px|true|true&#8221; border_width_all=&#8221;4px&#8221; border_color_all=&#8221;#0054ff&#8221; global_colors_info=&#8221;{}&#8221;][et_pb_text _builder_version=&#8221;4.16&#8243; _module_preset=&#8221;default&#8221; link_font=&#8221;|||on|||||&#8221; link_text_color=&#8221;#676767&#8243; header_font=&#8221;|600||on|||||&#8221; header_text_color=&#8221;#0054ff&#8221; header_font_size=&#8221;18px&#8221; border_color_all=&#8221;#0054ff&#8221; global_colors_info=&#8221;{}&#8221;]<\/p>\n<h1><a href=\"\/tevekenysegek\/\">Tev\u00e9kenys\u00e9gek:<\/a><\/h1>\n<p>&nbsp;<\/p>\n<p><a href=\"\/tevekenysegek\/\">Dokumentum menedzsment, dokumentumkezel\u00e9s<\/a>[\/et_pb_text][\/et_pb_column][et_pb_column type=&#8221;1_4&#8243; _builder_version=&#8221;4.16&#8243; _module_preset=&#8221;default&#8221; custom_padding=&#8221;20px|20px|20px|20px|true|true&#8221; border_width_all=&#8221;4px&#8221; border_color_all=&#8221;#0054ff&#8221; global_colors_info=&#8221;{}&#8221;][et_pb_text _builder_version=&#8221;4.16&#8243; _module_preset=&#8221;default&#8221; link_font=&#8221;|||on|||||&#8221; link_text_color=&#8221;#676767&#8243; header_font=&#8221;|600||on|||||&#8221; header_text_color=&#8221;#0054ff&#8221; header_font_size=&#8221;18px&#8221; border_color_all=&#8221;#0054ff&#8221; global_colors_info=&#8221;{}&#8221;]<\/p>\n<h1><a href=\"\/szakmai-anyagok-a-digitalizalasrol\/\">Dokumentum feldolgoz\u00e1s:<\/a><\/h1>\n<p>&nbsp;<\/p>\n<p><a href=\"\/szakmai-anyagok-a-digitalizalasrol\/\">Szakmai anyagok a digitaliz\u00e1l\u00e1sr\u00f3l<\/a><\/p>\n<p>[\/et_pb_text][\/et_pb_column][et_pb_column type=&#8221;1_4&#8243; _builder_version=&#8221;4.16&#8243; _module_preset=&#8221;default&#8221; custom_padding=&#8221;20px|20px|20px|20px|true|true&#8221; border_width_all=&#8221;4px&#8221; border_color_all=&#8221;#0054ff&#8221; global_colors_info=&#8221;{}&#8221;][et_pb_text _builder_version=&#8221;4.16&#8243; _module_preset=&#8221;default&#8221; link_font=&#8221;|||on|||||&#8221; link_text_color=&#8221;#676767&#8243; header_font=&#8221;|600||on|||||&#8221; header_text_color=&#8221;#0054ff&#8221; header_font_size=&#8221;18px&#8221; border_color_all=&#8221;#0054ff&#8221; global_colors_info=&#8221;{}&#8221;]<\/p>\n<h1><a href=\"\/alkalmazasi-teruletek\/\">Digit\u00e1lis irat: <\/a><\/h1>\n<p>&nbsp;<\/p>\n<p><a href=\"\/alkalmazasi-teruletek\/\">Alkalmaz\u00e1si ter\u00fcletek<\/a>[\/et_pb_text][\/et_pb_column][\/et_pb_row][\/et_pb_section]<\/p>\n","protected":false},"excerpt":{"rendered":"<p>K\u00f6sz\u00f6nj\u00fck \u00fczenet\u00e9t! Koll\u00e9g\u00e1ink hamarosan felveszik \u00d6nnel a kapcsolatot. Szolg\u00e1ltat\u00e1sainkr\u00f3l b\u0151vebben, az al\u00e1bbi c\u00edmekre kattintva olvashatDokumentumok, iratok szkennel\u00e9se: &nbsp; Irat szkennel\u00e9sTev\u00e9kenys\u00e9gek: &nbsp; Dokumentum menedzsment, dokumentumkezel\u00e9sDokumentum feldolgoz\u00e1s: &nbsp; Szakmai anyagok a digitaliz\u00e1l\u00e1sr\u00f3lDigit\u00e1lis irat: &nbsp; Alkalmaz\u00e1si ter\u00fcletek<\/p>","protected":false},"author":4,"featured_media":0,"parent":0,"menu_order":0,"comment_status":"closed","ping_status":"closed","template":"","meta":{"_et_pb_use_builder":"on","_et_pb_old_content":"","_et_gb_content_width":"","_monsterinsights_skip_tracking":false,"_monsterinsights_sitenote_active":false,"_monsterinsights_sitenote_note":"","_monsterinsights_sitenote_category":0,"footnotes":""},"class_list":["post-1433","page","type-page","status-publish","hentry"],"yoast_head":"<!-- This site is optimized with the Yoast SEO plugin v27.4 - https:\/\/yoast.com\/product\/yoast-seo-wordpress\/ -->\n<title>koszonjuk uzenetet - DWS Digital Kft.<\/title>\n<meta name=\"robots\" content=\"index, follow, max-snippet:-1, max-image-preview:large, max-video-preview:-1\" \/>\n<link rel=\"canonical\" href=\"https:\/\/www.dwsdigital.hu\/en\/koszonjuk-uzenetet\/\" \/>\n<meta property=\"og:locale\" content=\"en_GB\" \/>\n<meta property=\"og:type\" content=\"article\" \/>\n<meta property=\"og:title\" content=\"koszonjuk uzenetet - DWS Digital Kft.\" \/>\n<meta property=\"og:description\" content=\"K\u00f6sz\u00f6nj\u00fck \u00fczenet\u00e9t! Koll\u00e9g\u00e1ink hamarosan felveszik \u00d6nnel a kapcsolatot. Szolg\u00e1ltat\u00e1sainkr\u00f3l b\u0151vebben, az al\u00e1bbi c\u00edmekre kattintva olvashatDokumentumok, iratok szkennel\u00e9se: &nbsp; Irat szkennel\u00e9sTev\u00e9kenys\u00e9gek: &nbsp; Dokumentum menedzsment, dokumentumkezel\u00e9sDokumentum feldolgoz\u00e1s: &nbsp; Szakmai anyagok a digitaliz\u00e1l\u00e1sr\u00f3lDigit\u00e1lis irat: &nbsp; Alkalmaz\u00e1si ter\u00fcletek\" \/>\n<meta property=\"og:url\" content=\"https:\/\/www.dwsdigital.hu\/en\/koszonjuk-uzenetet\/\" \/>\n<meta property=\"og:site_name\" content=\"DWS Digital Kft.\" \/>\n<meta property=\"article:modified_time\" content=\"2023-04-18T08:21:20+00:00\" \/>\n<meta property=\"og:image\" content=\"https:\/\/www.dwsdigital.hu\/wp-content\/uploads\/2020\/10\/dws-digital-logo-w2-300x83.jpg\" \/>\n<meta name=\"twitter:card\" content=\"summary_large_image\" \/>\n<script type=\"application\/ld+json\" class=\"yoast-schema-graph\">{\"@context\":\"https:\\\/\\\/schema.org\",\"@graph\":[{\"@type\":\"WebPage\",\"@id\":\"https:\\\/\\\/www.dwsdigital.hu\\\/koszonjuk-uzenetet\\\/\",\"url\":\"https:\\\/\\\/www.dwsdigital.hu\\\/koszonjuk-uzenetet\\\/\",\"name\":\"koszonjuk uzenetet - DWS Digital Kft.\",\"isPartOf\":{\"@id\":\"https:\\\/\\\/www.dwsdigital.hu\\\/#website\"},\"primaryImageOfPage\":{\"@id\":\"https:\\\/\\\/www.dwsdigital.hu\\\/koszonjuk-uzenetet\\\/#primaryimage\"},\"image\":{\"@id\":\"https:\\\/\\\/www.dwsdigital.hu\\\/koszonjuk-uzenetet\\\/#primaryimage\"},\"thumbnailUrl\":\"https:\\\/\\\/www.dwsdigital.hu\\\/wp-content\\\/uploads\\\/2020\\\/10\\\/dws-digital-logo-w2-300x83.jpg\",\"datePublished\":\"2022-02-17T20:07:19+00:00\",\"dateModified\":\"2023-04-18T08:21:20+00:00\",\"breadcrumb\":{\"@id\":\"https:\\\/\\\/www.dwsdigital.hu\\\/koszonjuk-uzenetet\\\/#breadcrumb\"},\"inLanguage\":\"en-GB\",\"potentialAction\":[{\"@type\":\"ReadAction\",\"target\":[\"https:\\\/\\\/www.dwsdigital.hu\\\/koszonjuk-uzenetet\\\/\"]}]},{\"@type\":\"ImageObject\",\"inLanguage\":\"en-GB\",\"@id\":\"https:\\\/\\\/www.dwsdigital.hu\\\/koszonjuk-uzenetet\\\/#primaryimage\",\"url\":\"https:\\\/\\\/www.dwsdigital.hu\\\/wp-content\\\/uploads\\\/2020\\\/10\\\/dws-digital-logo-w2-300x83.jpg\",\"contentUrl\":\"https:\\\/\\\/www.dwsdigital.hu\\\/wp-content\\\/uploads\\\/2020\\\/10\\\/dws-digital-logo-w2-300x83.jpg\"},{\"@type\":\"BreadcrumbList\",\"@id\":\"https:\\\/\\\/www.dwsdigital.hu\\\/koszonjuk-uzenetet\\\/#breadcrumb\",\"itemListElement\":[{\"@type\":\"ListItem\",\"position\":1,\"name\":\"Home\",\"item\":\"https:\\\/\\\/www.dwsdigital.hu\\\/\"},{\"@type\":\"ListItem\",\"position\":2,\"name\":\"koszonjuk uzenetet\"}]},{\"@type\":\"WebSite\",\"@id\":\"https:\\\/\\\/www.dwsdigital.hu\\\/#website\",\"url\":\"https:\\\/\\\/www.dwsdigital.hu\\\/\",\"name\":\"DWS Digital Kft.\",\"description\":\"Iratdigitaliz\u00e1l\u00e1si megold\u00e1sok\",\"potentialAction\":[{\"@type\":\"SearchAction\",\"target\":{\"@type\":\"EntryPoint\",\"urlTemplate\":\"https:\\\/\\\/www.dwsdigital.hu\\\/?s={search_term_string}\"},\"query-input\":{\"@type\":\"PropertyValueSpecification\",\"valueRequired\":true,\"valueName\":\"search_term_string\"}}],\"inLanguage\":\"en-GB\"}]}<\/script>\n<!-- \/ Yoast SEO plugin. -->","yoast_head_json":{"title":"koszonjuk uzenetet - DWS Digital Kft.","robots":{"index":"index","follow":"follow","max-snippet":"max-snippet:-1","max-image-preview":"max-image-preview:large","max-video-preview":"max-video-preview:-1"},"canonical":"https:\/\/www.dwsdigital.hu\/en\/koszonjuk-uzenetet\/","og_locale":"en_GB","og_type":"article","og_title":"koszonjuk uzenetet - DWS Digital Kft.","og_description":"K\u00f6sz\u00f6nj\u00fck \u00fczenet\u00e9t! Koll\u00e9g\u00e1ink hamarosan felveszik \u00d6nnel a kapcsolatot. Szolg\u00e1ltat\u00e1sainkr\u00f3l b\u0151vebben, az al\u00e1bbi c\u00edmekre kattintva olvashatDokumentumok, iratok szkennel\u00e9se: &nbsp; Irat szkennel\u00e9sTev\u00e9kenys\u00e9gek: &nbsp; Dokumentum menedzsment, dokumentumkezel\u00e9sDokumentum feldolgoz\u00e1s: &nbsp; Szakmai anyagok a digitaliz\u00e1l\u00e1sr\u00f3lDigit\u00e1lis irat: &nbsp; Alkalmaz\u00e1si ter\u00fcletek","og_url":"https:\/\/www.dwsdigital.hu\/en\/koszonjuk-uzenetet\/","og_site_name":"DWS Digital Kft.","article_modified_time":"2023-04-18T08:21:20+00:00","og_image":[{"url":"https:\/\/www.dwsdigital.hu\/wp-content\/uploads\/2020\/10\/dws-digital-logo-w2-300x83.jpg","type":"","width":"","height":""}],"twitter_card":"summary_large_image","schema":{"@context":"https:\/\/schema.org","@graph":[{"@type":"WebPage","@id":"https:\/\/www.dwsdigital.hu\/koszonjuk-uzenetet\/","url":"https:\/\/www.dwsdigital.hu\/koszonjuk-uzenetet\/","name":"koszonjuk uzenetet - DWS Digital Kft.","isPartOf":{"@id":"https:\/\/www.dwsdigital.hu\/#website"},"primaryImageOfPage":{"@id":"https:\/\/www.dwsdigital.hu\/koszonjuk-uzenetet\/#primaryimage"},"image":{"@id":"https:\/\/www.dwsdigital.hu\/koszonjuk-uzenetet\/#primaryimage"},"thumbnailUrl":"https:\/\/www.dwsdigital.hu\/wp-content\/uploads\/2020\/10\/dws-digital-logo-w2-300x83.jpg","datePublished":"2022-02-17T20:07:19+00:00","dateModified":"2023-04-18T08:21:20+00:00","breadcrumb":{"@id":"https:\/\/www.dwsdigital.hu\/koszonjuk-uzenetet\/#breadcrumb"},"inLanguage":"en-GB","potentialAction":[{"@type":"ReadAction","target":["https:\/\/www.dwsdigital.hu\/koszonjuk-uzenetet\/"]}]},{"@type":"ImageObject","inLanguage":"en-GB","@id":"https:\/\/www.dwsdigital.hu\/koszonjuk-uzenetet\/#primaryimage","url":"https:\/\/www.dwsdigital.hu\/wp-content\/uploads\/2020\/10\/dws-digital-logo-w2-300x83.jpg","contentUrl":"https:\/\/www.dwsdigital.hu\/wp-content\/uploads\/2020\/10\/dws-digital-logo-w2-300x83.jpg"},{"@type":"BreadcrumbList","@id":"https:\/\/www.dwsdigital.hu\/koszonjuk-uzenetet\/#breadcrumb","itemListElement":[{"@type":"ListItem","position":1,"name":"Home","item":"https:\/\/www.dwsdigital.hu\/"},{"@type":"ListItem","position":2,"name":"koszonjuk uzenetet"}]},{"@type":"WebSite","@id":"https:\/\/www.dwsdigital.hu\/#website","url":"https:\/\/www.dwsdigital.hu\/","name":"DWS Digital Kft.","description":"Data digitisation solutions","potentialAction":[{"@type":"SearchAction","target":{"@type":"EntryPoint","urlTemplate":"https:\/\/www.dwsdigital.hu\/?s={search_term_string}"},"query-input":{"@type":"PropertyValueSpecification","valueRequired":true,"valueName":"search_term_string"}}],"inLanguage":"en-GB"}]}},"_links":{"self":[{"href":"https:\/\/www.dwsdigital.hu\/en\/wp-json\/wp\/v2\/pages\/1433","targetHints":{"allow":["GET"]}}],"collection":[{"href":"https:\/\/www.dwsdigital.hu\/en\/wp-json\/wp\/v2\/pages"}],"about":[{"href":"https:\/\/www.dwsdigital.hu\/en\/wp-json\/wp\/v2\/types\/page"}],"author":[{"embeddable":true,"href":"https:\/\/www.dwsdigital.hu\/en\/wp-json\/wp\/v2\/users\/4"}],"replies":[{"embeddable":true,"href":"https:\/\/www.dwsdigital.hu\/en\/wp-json\/wp\/v2\/comments?post=1433"}],"version-history":[{"count":9,"href":"https:\/\/www.dwsdigital.hu\/en\/wp-json\/wp\/v2\/pages\/1433\/revisions"}],"predecessor-version":[{"id":2630,"href":"https:\/\/www.dwsdigital.hu\/en\/wp-json\/wp\/v2\/pages\/1433\/revisions\/2630"}],"wp:attachment":[{"href":"https:\/\/www.dwsdigital.hu\/en\/wp-json\/wp\/v2\/media?parent=1433"}],"curies":[{"name":"wp","href":"https:\/\/api.w.org\/{rel}","templated":true}]}}