{"id":495,"date":"2020-11-21T13:21:54","date_gmt":"2020-11-21T11:21:54","guid":{"rendered":"http:\/\/web.dwshungary.hu\/?page_id=495"},"modified":"2023-01-06T20:09:59","modified_gmt":"2023-01-06T18:09:59","slug":"koszonto","status":"publish","type":"page","link":"https:\/\/www.dwsdigital.hu\/en\/koszonto\/","title":{"rendered":"Welcome to our site"},"content":{"rendered":"<p>[et_pb_section fb_built=&#8221;1&#8243; fullwidth=&#8221;on&#8221; admin_label=&#8221;Header&#8221; _builder_version=&#8221;4.16&#8243; use_background_color_gradient=&#8221;on&#8221; background_color_gradient_direction=&#8221;163deg&#8221; background_color_gradient_stops=&#8221;#ffffff 50%|rgba(0,0,0,0.02) 50%&#8221; background_color_gradient_start=&#8221;#ffffff&#8221; background_color_gradient_start_position=&#8221;50%&#8221; background_color_gradient_end=&#8221;rgba(0,0,0,0.02)&#8221; background_color_gradient_end_position=&#8221;0%&#8221; background_image=&#8221;https:\/\/www.dwsdigital.hu\/wp-content\/uploads\/2020\/11\/web-dev-03.png&#8221; parallax=&#8221;on&#8221; animation_style=&#8221;fade&#8221; global_colors_info=&#8221;{}&#8221;][et_pb_fullwidth_header title=&#8221;K\u00f6sz\u00f6nt\u0151&#8221; button_one_text=&#8221;K\u00e9rjen aj\u00e1nlatot&#8221; button_one_url=&#8221;@ET-DC@eyJkeW5hbWljIjp0cnVlLCJjb250ZW50IjoicG9zdF9saW5rX3VybF9wYWdlIiwic2V0dGluZ3MiOnsicG9zdF9pZCI6IjE3OCJ9fQ==@&#8221; button_two_text=&#8221;Referenci\u00e1k&#8221; button_two_url=&#8221;@ET-DC@eyJkeW5hbWljIjp0cnVlLCJjb250ZW50IjoicG9zdF9saW5rX3VybF9wYWdlIiwic2V0dGluZ3MiOnsicG9zdF9pZCI6IjIxMjcifX0=@&#8221; content_max_width=&#8221;640px&#8221; _builder_version=&#8221;4.19.4&#8243; _dynamic_attributes=&#8221;button_one_url,button_two_url&#8221; title_font=&#8221;Lato|900|||||||&#8221; title_font_size=&#8221;40px&#8221; title_line_height=&#8221;1.5em&#8221; content_font=&#8221;||||||||&#8221; content_font_size=&#8221;16px&#8221; content_line_height=&#8221;2em&#8221; subhead_font=&#8221;|700||on|||||&#8221; subhead_font_size=&#8221;14px&#8221; subhead_letter_spacing=&#8221;2px&#8221; subhead_line_height=&#8221;2em&#8221; background_color=&#8221;rgba(0,0,0,0)&#8221; custom_button_one=&#8221;on&#8221; button_one_text_size=&#8221;14px&#8221; button_one_text_color=&#8221;#ffffff&#8221; button_one_bg_color=&#8221;#0054ff&#8221; button_one_border_width=&#8221;14px&#8221; button_one_border_color=&#8221;rgba(0,0,0,0)&#8221; button_one_border_radius=&#8221;0px&#8221; button_one_letter_spacing=&#8221;2px&#8221; button_one_font=&#8221;|600||on|||||&#8221; button_one_icon=&#8221;&#x39;||divi||400&#8243; button_one_on_hover=&#8221;off&#8221; custom_button_two=&#8221;on&#8221; button_two_text_size=&#8221;14px&#8221; button_two_text_color=&#8221;#0054ff&#8221; button_two_bg_color=&#8221;rgba(255,255,255,0)&#8221; button_two_border_width=&#8221;12px&#8221; button_two_border_color=&#8221;rgba(0,0,0,0)&#8221; button_two_border_radius=&#8221;0px&#8221; button_two_letter_spacing=&#8221;2px&#8221; button_two_font=&#8221;|600||on|||||&#8221; button_two_icon=&#8221;&#x39;||divi||400&#8243; button_two_on_hover=&#8221;off&#8221; background_layout=&#8221;light&#8221; custom_margin=&#8221;|||&#8221; custom_padding=&#8221;10vw|||&#8221; animation_style=&#8221;zoom&#8221; animation_intensity_zoom=&#8221;-5%&#8221; hover_enabled=&#8221;0&#8243; title_font_size_tablet=&#8221;&#8221; title_font_size_phone=&#8221;25px&#8221; title_font_size_last_edited=&#8221;on|desktop&#8221; box_shadow_style_button_two=&#8221;preset1&#8243; box_shadow_vertical_button_two=&#8221;0px&#8221; box_shadow_blur_button_two=&#8221;0px&#8221; box_shadow_spread_button_two=&#8221;2px&#8221; box_shadow_color_button_two=&#8221;#0054ff&#8221; button_one_letter_spacing_hover=&#8221;2px&#8221; button_two_letter_spacing_hover=&#8221;2px&#8221; global_colors_info=&#8221;{}&#8221; button_one_text_size__hover_enabled=&#8221;off&#8221; button_two_text_size__hover_enabled=&#8221;off&#8221; button_one_text_color__hover_enabled=&#8221;off&#8221; button_two_text_color__hover_enabled=&#8221;off&#8221; button_one_border_width__hover_enabled=&#8221;off&#8221; button_two_border_width__hover_enabled=&#8221;off&#8221; button_one_border_color__hover_enabled=&#8221;off&#8221; button_two_border_color__hover_enabled=&#8221;off&#8221; button_one_border_radius__hover_enabled=&#8221;off&#8221; button_two_border_radius__hover_enabled=&#8221;off&#8221; button_one_letter_spacing__hover_enabled=&#8221;on&#8221; button_one_letter_spacing__hover=&#8221;2px&#8221; button_two_letter_spacing__hover_enabled=&#8221;on&#8221; button_two_letter_spacing__hover=&#8221;2px&#8221; button_one_bg_color__hover_enabled=&#8221;off&#8221; button_two_bg_color__hover_enabled=&#8221;off&#8221; sticky_enabled=&#8221;0&#8243;][\/et_pb_fullwidth_header][et_pb_fullwidth_image src=&#8221;https:\/\/www.dwsdigital.hu\/wp-content\/uploads\/2021\/01\/Digitalisirattar3.png&#8221; title_text=&#8221;Digit\u00e1lisiratt\u00e1r3&#8243; _builder_version=&#8221;4.16&#8243; custom_margin=&#8221;-18%|||&#8221; animation_style=&#8221;zoom&#8221; animation_direction=&#8221;bottom&#8221; animation_duration=&#8221;1400ms&#8221; animation_intensity_zoom=&#8221;5%&#8221; global_colors_info=&#8221;{}&#8221;][\/et_pb_fullwidth_image][\/et_pb_section][et_pb_section fb_built=&#8221;1&#8243; admin_label=&#8221;Services&#8221; _builder_version=&#8221;4.16&#8243; global_colors_info=&#8221;{}&#8221;][et_pb_row _builder_version=&#8221;4.16&#8243; custom_padding=&#8221;|||&#8221; global_colors_info=&#8221;{}&#8221;][et_pb_column type=&#8221;4_4&#8243; _builder_version=&#8221;4.16&#8243; custom_padding=&#8221;|||&#8221; global_colors_info=&#8221;{}&#8221; custom_padding__hover=&#8221;|||&#8221;][et_pb_text _builder_version=&#8221;4.16&#8243; text_font=&#8221;||||||||&#8221; header_font=&#8221;||||||||&#8221; header_2_font=&#8221;|600||on|||||&#8221; header_2_text_color=&#8221;#0054ff&#8221; header_2_font_size=&#8221;16px&#8221; header_2_letter_spacing=&#8221;3px&#8221; header_2_line_height=&#8221;1.8em&#8221; header_3_font=&#8221;||||||||&#8221; text_orientation=&#8221;center&#8221; custom_padding=&#8221;5px|||||&#8221; global_colors_info=&#8221;{}&#8221;]<\/p>\n<h2 style=\"text-align: justify;\">Tisztelt \u00dcgyfel\u00fcnk!<\/h2>\n<p>[\/et_pb_text][\/et_pb_column][\/et_pb_row][et_pb_row column_structure=&#8221;1_2,1_2&#8243; _builder_version=&#8221;4.16&#8243; global_colors_info=&#8221;{}&#8221;][et_pb_column type=&#8221;1_2&#8243; _builder_version=&#8221;4.16&#8243; custom_padding=&#8221;|||&#8221; global_colors_info=&#8221;{}&#8221; custom_padding__hover=&#8221;|||&#8221;][et_pb_text _builder_version=&#8221;4.16&#8243; text_font=&#8221;||||||||&#8221; text_line_height=&#8221;2em&#8221; header_font=&#8221;||||||||&#8221; header_3_font=&#8221;Lato|700|||||||&#8221; header_3_line_height=&#8221;1.4em&#8221; text_orientation=&#8221;right&#8221; animation_style=&#8221;slide&#8221; animation_direction=&#8221;left&#8221; animation_delay=&#8221;100ms&#8221; animation_intensity_slide=&#8221;5%&#8221; global_colors_info=&#8221;{}&#8221;]<\/p>\n<h3 style=\"text-align: justify;\"><span style=\"font-size: 14px;\"><strong><span style=\"color: #666666; font-family: 'Open Sans', Arial, sans-serif;\">\u00d6r\u00fcl\u00fcnk l\u00e1togat\u00e1s\u00e1nak!\u00a0<\/span><\/strong><\/span><\/h3>\n<p style=\"text-align: justify;\">\n<p style=\"text-align: justify;\"><span style=\"font-weight: 400;\">Bizony\u00e1ra \u00d6nnek is gondot jelent felgyorsult \u00e9s j\u00e1rv\u00e1nyhelyzettel s\u00fajtott vil\u00e1gunkban az i<\/span>ratokhoz \u00e9s az adatokhoz val\u00f3 gyors hozz\u00e1f\u00e9r\u00e9s<b>.\u00a0<\/b><span style=\"font-size: 14px;\">C\u00e9g\u00fcnk szolg\u00e1ltat\u00e1sai \u00e9s alkalmaz\u00e1sai az\u00a0 <\/span><b style=\"font-size: 14px;\">adat- \u00e9s iratkezel\u00e9si probl\u00e9m\u00e1ira k\u00edn\u00e1l c<\/b><b style=\"font-size: 14px;\">\u00e9lzott \u00e9s komplex megold\u00e1st <\/b><b style=\"font-size: 14px;\">\u00d6nnek!\u00a0<\/b><\/p>\n<p style=\"text-align: justify;\"><span style=\"font-size: 14px;\">A Home Office lehet\u0151s\u00e9get ad az irodai infrastruktur\u00e1lis k\u00f6lts\u00e9gek cs\u00f6kkent\u00e9s\u00e9re, de az iratokhoz val\u00f3 hozz\u00e1f\u00e9r\u00e9s <\/span><i style=\"font-size: 14px;\">nem term\u00e9szetes egyszer\u0171s\u00e9ggel oldhat\u00f3 meg. <\/i>Struktur\u00e1lt, <strong>sz\u00f6vegesen kereshet\u0151<\/strong> adatb\u00e1zisban, nagy biztons\u00e1g\u00fa informatikai keretek k\u00f6z\u00f6tt \u00e9s szolg\u00e1ltat\u00e1si form\u00e1ban tudja \u00fczemeltetni v\u00e1llalkoz\u00e1s\u00e1nak iratt\u00e1r\u00e1t vel\u00fcnk<i style=\"font-size: 14px;\"><b>.\u00a0<\/b><\/i><span style=\"font-size: 14px;\"> A DWS Digital szolg\u00e1ltat\u00e1sainak ig\u00e9nybev\u00e9tel\u00e9vel a <\/span><b style=\"font-size: 14px;\">teljes dokumentumt\u00e1r felh\u0151b\u0151l el\u00e9rhet\u0151<\/b><span style=\"font-size: 14px;\">,\u00a0 <\/span>\u00edgy a teljes otthoni munkav\u00e9gz\u00e9s t\u00e1mogatott!<\/p>\n<p style=\"text-align: justify;\"><span style=\"font-weight: 400;\">A jelenlegi t\u00f6rv\u00e9nyi el\u0151\u00edr\u00e1sok \u00e9s szab\u00e1lyoz\u00e1si keretek lehet\u0151v\u00e9 teszik, hogy rendszer\u00fcnkben <\/span><b>e-szign\u00f3 felhaszn\u00e1l\u00e1s\u00e1val<\/b><span style=\"font-weight: 400;\"> hiteles\u00edts\u00e9k irataikat, melyek ezut\u00e1n megsemmis\u00edthet\u0151ek.\u00a0\u00a0<\/span><span style=\"font-size: 14px;\">Fentiek alapj\u00e1n b\u00e1tran kijelenthet\u0151, hogy a megl\u00e9v\u0151 pap\u00edralap\u00fa dokumentumokat nem sz\u00fcks\u00e9ges t\u00e1rolni a j\u00f6v\u0151ben \u00e9s ezek <\/span><b style=\"font-size: 14px;\">t\u00e1rol\u00e1si k\u00f6lts\u00e9get t\u00f6bb\u00e9 nem jelentenek c\u00e9ge sz\u00e1m\u00e1ra.<\/b><\/p>\n<p style=\"text-align: justify;\"><span style=\"font-weight: 400;\">V\u00e1llaljuk a folyamatos \u00fcgymenet fenntart\u00e1s\u00e1hoz azt is, hogy <\/span><b>\u00e9rint\u00e9smentesen, digitaliz\u00e1lva<\/b><strong> megkapja post\u00e1j\u00e1t.<\/strong><\/p>\n<p style=\"text-align: justify;\"><b>T\u00e1rsas\u00e1gunk szakemberei t\u00f6bb mint 20 \u00e9ve dolgoznak<\/b><span style=\"font-weight: 400;\"> az adat- \u00e9s iratkezel\u00e9si ter\u00fclet\u00e9n. Nagy volumen\u0171 projektekben sok milli\u00f3 forint megtakar\u00edt\u00e1st \u00e9rt\u00fcnk el v\u00e1llalati partnereinkn\u00e9l.\u00a0\u00a0<\/span><\/p>\n<p style=\"text-align: justify;\"><span style=\"font-size: 14px;\">K\u00e9rj\u00fck engedje meg, hogy most T\u00e1rsas\u00e1guknak ny\u00fajtsunk <\/span>megold\u00e1st<span style=\"font-size: 14px;\"> a legmodernebb technol\u00f3gai lehet\u0151s\u00e9gekkel \u00e9s t\u00f6rv\u00e9nyi szab\u00e1lyoz\u00e1sok kihaszn\u00e1l\u00e1s\u00e1val! Sikeres \u00e9s <\/span>hat\u00e9kony \u00fcgykezel\u00e9ssel <b style=\"font-size: 14px;\">a k\u00f6lts\u00e9geik cs\u00f6kkenthet\u0151ek <\/b>\u00e9s ezzel t\u00e1mogat\u00e1st ny\u00fajtunk\u00a0 a profit termel\u00e9s\u00e9hez.<\/p>\n<p style=\"text-align: justify;\">\n<h3 style=\"text-align: justify;\"><\/h3>\n<p style=\"text-align: justify;\">\n<p style=\"text-align: justify;\"><strong>A DWS Digital Csapata<\/strong><\/p>\n<p>[\/et_pb_text][\/et_pb_column][et_pb_column type=&#8221;1_2&#8243; _builder_version=&#8221;4.16&#8243; custom_padding=&#8221;|||&#8221; global_colors_info=&#8221;{}&#8221; custom_padding__hover=&#8221;|||&#8221;][et_pb_image src=&#8221;https:\/\/www.dwsdigital.hu\/wp-content\/uploads\/2020\/11\/Marci_01b.png&#8221; alt=&#8221;Bemutatkozik a DWS Digital Kft.&#8221; title_text=&#8221;Marci_01b&#8221; _builder_version=&#8221;4.16&#8243; _module_preset=&#8221;default&#8221; background_color=&#8221;rgba(0,0,0,0)&#8221; global_colors_info=&#8221;{}&#8221;][\/et_pb_image][\/et_pb_column][\/et_pb_row][\/et_pb_section][et_pb_section fb_built=&#8221;1&#8243; fullwidth=&#8221;on&#8221; admin_label=&#8221;Header&#8221; _builder_version=&#8221;4.16&#8243; background_image=&#8221;https:\/\/www.dwsdigital.hu\/wp-content\/uploads\/2020\/11\/web-dev-03.png&#8221; parallax=&#8221;on&#8221; animation_style=&#8221;fade&#8221; locked=&#8221;off&#8221; global_colors_info=&#8221;{}&#8221;][et_pb_fullwidth_header title=&#8221;K\u00e9szen \u00e1ll a projekt ind\u00edt\u00e1s\u00e1ra?&#8221; subhead=&#8221;ingyenes felm\u00e9r\u00e9s&#8221; text_orientation=&#8221;center&#8221; button_one_text=&#8221;L\u00e9pjen kapcsolatba vel\u00fcnk&#8221; button_one_url=&#8221;@ET-DC@eyJkeW5hbWljIjp0cnVlLCJjb250ZW50IjoicG9zdF9saW5rX3VybF9wYWdlIiwic2V0dGluZ3MiOnsicG9zdF9pZCI6IjE3OCJ9fQ==@&#8221; _builder_version=&#8221;4.16&#8243; _dynamic_attributes=&#8221;button_one_url&#8221; title_level=&#8221;h2&#8243; title_font=&#8221;Lato|900|||||||&#8221; title_font_size=&#8221;50px&#8221; title_line_height=&#8221;1.5em&#8221; content_font=&#8221;||||||||&#8221; content_font_size=&#8221;16px&#8221; content_line_height=&#8221;2em&#8221; subhead_font=&#8221;|700||on|||||&#8221; subhead_font_size=&#8221;14px&#8221; subhead_letter_spacing=&#8221;2px&#8221; background_color=&#8221;rgba(0,0,0,0)&#8221; custom_button_one=&#8221;on&#8221; button_one_text_size=&#8221;14px&#8221; button_one_text_color=&#8221;#ffffff&#8221; button_one_bg_color=&#8221;#0054ff&#8221; button_one_border_width=&#8221;14px&#8221; button_one_border_color=&#8221;rgba(0,0,0,0)&#8221; button_one_border_radius=&#8221;0px&#8221; button_one_letter_spacing=&#8221;2px&#8221; button_one_font=&#8221;|600||on|||||&#8221; button_one_icon=&#8221;&#x39;||divi||400&#8243; button_one_on_hover=&#8221;off&#8221; custom_button_two=&#8221;on&#8221; button_two_text_size=&#8221;14px&#8221; button_two_text_color=&#8221;#0054ff&#8221; button_two_bg_color=&#8221;rgba(255,255,255,0)&#8221; button_two_border_width=&#8221;12px&#8221; button_two_border_color=&#8221;rgba(0,0,0,0)&#8221; button_two_border_radius=&#8221;0px&#8221; button_two_letter_spacing=&#8221;2px&#8221; button_two_font=&#8221;|600||on|||||&#8221; button_two_icon=&#8221;&#x39;||divi||400&#8243; button_two_on_hover=&#8221;off&#8221; background_layout=&#8221;light&#8221; custom_margin=&#8221;|||&#8221; custom_padding=&#8221;6vw|||&#8221; animation_style=&#8221;zoom&#8221; animation_intensity_zoom=&#8221;-5%&#8221; title_font_size_tablet=&#8221;40px&#8221; title_font_size_phone=&#8221;25px&#8221; title_font_size_last_edited=&#8221;on|tablet&#8221; box_shadow_style_button_two=&#8221;preset1&#8243; box_shadow_vertical_button_two=&#8221;0px&#8221; box_shadow_blur_button_two=&#8221;0px&#8221; box_shadow_spread_button_two=&#8221;2px&#8221; box_shadow_color_button_two=&#8221;#0054ff&#8221; button_one_letter_spacing_hover=&#8221;2px&#8221; button_two_letter_spacing_hover=&#8221;2px&#8221; global_colors_info=&#8221;{}&#8221; button_one_text_size__hover_enabled=&#8221;off&#8221; button_two_text_size__hover_enabled=&#8221;off&#8221; button_one_text_color__hover_enabled=&#8221;off&#8221; button_two_text_color__hover_enabled=&#8221;off&#8221; button_one_border_width__hover_enabled=&#8221;off&#8221; button_two_border_width__hover_enabled=&#8221;off&#8221; button_one_border_color__hover_enabled=&#8221;off&#8221; button_two_border_color__hover_enabled=&#8221;off&#8221; button_one_border_radius__hover_enabled=&#8221;off&#8221; button_two_border_radius__hover_enabled=&#8221;off&#8221; button_one_letter_spacing__hover_enabled=&#8221;on&#8221; button_one_letter_spacing__hover=&#8221;2px&#8221; button_two_letter_spacing__hover_enabled=&#8221;on&#8221; button_two_letter_spacing__hover=&#8221;2px&#8221; button_one_bg_color__hover_enabled=&#8221;off&#8221; button_two_bg_color__hover_enabled=&#8221;off&#8221;][\/et_pb_fullwidth_header][et_pb_fullwidth_image src=&#8221;https:\/\/www.dwsdigital.hu\/wp-content\/uploads\/2021\/01\/Web6.png&#8221; title_text=&#8221;Web6&#8243; _builder_version=&#8221;4.16&#8243; custom_margin=&#8221;-10%|||&#8221; animation_style=&#8221;zoom&#8221; animation_direction=&#8221;bottom&#8221; animation_duration=&#8221;1400ms&#8221; animation_intensity_zoom=&#8221;5%&#8221; global_colors_info=&#8221;{}&#8221;][\/et_pb_fullwidth_image][\/et_pb_section]<\/p>\n","protected":false},"excerpt":{"rendered":"<p>Tisztelt \u00dcgyfel\u00fcnk!\u00d6r\u00fcl\u00fcnk l\u00e1togat\u00e1s\u00e1nak!\u00a0 Bizony\u00e1ra \u00d6nnek is gondot jelent felgyorsult \u00e9s j\u00e1rv\u00e1nyhelyzettel s\u00fajtott vil\u00e1gunkban az iratokhoz \u00e9s az adatokhoz val\u00f3 gyors hozz\u00e1f\u00e9r\u00e9s.\u00a0C\u00e9g\u00fcnk szolg\u00e1ltat\u00e1sai \u00e9s alkalmaz\u00e1sai az\u00a0 adat- \u00e9s iratkezel\u00e9si probl\u00e9m\u00e1ira k\u00edn\u00e1l c\u00e9lzott \u00e9s komplex megold\u00e1st \u00d6nnek!\u00a0 A Home Office lehet\u0151s\u00e9get ad az irodai infrastruktur\u00e1lis k\u00f6lts\u00e9gek cs\u00f6kkent\u00e9s\u00e9re, de az iratokhoz val\u00f3 hozz\u00e1f\u00e9r\u00e9s nem term\u00e9szetes egyszer\u0171s\u00e9ggel oldhat\u00f3 meg. [&hellip;]<\/p>\n","protected":false},"author":1,"featured_media":0,"parent":0,"menu_order":0,"comment_status":"closed","ping_status":"closed","template":"","meta":{"_et_pb_use_builder":"on","_et_pb_old_content":"","_et_gb_content_width":"","_monsterinsights_skip_tracking":false,"_monsterinsights_sitenote_active":false,"_monsterinsights_sitenote_note":"","_monsterinsights_sitenote_category":0,"footnotes":""},"class_list":["post-495","page","type-page","status-publish","hentry"],"yoast_head":"<!-- This site is optimized with the Yoast SEO plugin v27.5 - https:\/\/yoast.com\/product\/yoast-seo-wordpress\/ -->\n<title>Komplex megold\u00e1s a dokumentum-, \u00e9s iratkezel\u00e9sben<\/title>\n<meta name=\"description\" content=\"Sok c\u00e9g sz\u00e1m\u00e1ra jelent gondot a hat\u00e9kony dokumentumkezel\u00e9s. Mi professzion\u00e1lis megold\u00e1st ny\u00fajtunk adat- \u00e9s iratkezel\u00e9si probl\u00e9m\u00e1ira, v\u00e1lassza szolg\u00e1ltat\u00e1sunkat!\" \/>\n<meta name=\"robots\" content=\"index, follow, max-snippet:-1, max-image-preview:large, max-video-preview:-1\" \/>\n<link rel=\"canonical\" href=\"https:\/\/www.dwsdigital.hu\/en\/koszonto\/\" \/>\n<meta property=\"og:locale\" content=\"en_GB\" \/>\n<meta property=\"og:type\" content=\"article\" \/>\n<meta property=\"og:title\" content=\"Komplex megold\u00e1s a dokumentum-, \u00e9s iratkezel\u00e9sben\" \/>\n<meta property=\"og:description\" content=\"Sok c\u00e9g sz\u00e1m\u00e1ra jelent gondot a hat\u00e9kony dokumentumkezel\u00e9s. Mi professzion\u00e1lis megold\u00e1st ny\u00fajtunk adat- \u00e9s iratkezel\u00e9si probl\u00e9m\u00e1ira, v\u00e1lassza szolg\u00e1ltat\u00e1sunkat!\" \/>\n<meta property=\"og:url\" content=\"https:\/\/www.dwsdigital.hu\/en\/koszonto\/\" \/>\n<meta property=\"og:site_name\" content=\"DWS Digital Kft.\" \/>\n<meta property=\"article:modified_time\" content=\"2023-01-06T18:09:59+00:00\" \/>\n<meta name=\"twitter:card\" content=\"summary_large_image\" \/>\n<meta name=\"twitter:label1\" content=\"Estimated reading time\" \/>\n\t<meta name=\"twitter:data1\" content=\"2 minutes\" \/>\n<script type=\"application\/ld+json\" class=\"yoast-schema-graph\">{\"@context\":\"https:\\\/\\\/schema.org\",\"@graph\":[{\"@type\":\"WebPage\",\"@id\":\"https:\\\/\\\/www.dwsdigital.hu\\\/koszonto\\\/\",\"url\":\"https:\\\/\\\/www.dwsdigital.hu\\\/koszonto\\\/\",\"name\":\"Komplex megold\u00e1s a dokumentum-, \u00e9s iratkezel\u00e9sben\",\"isPartOf\":{\"@id\":\"https:\\\/\\\/www.dwsdigital.hu\\\/#website\"},\"datePublished\":\"2020-11-21T11:21:54+00:00\",\"dateModified\":\"2023-01-06T18:09:59+00:00\",\"description\":\"Sok c\u00e9g sz\u00e1m\u00e1ra jelent gondot a hat\u00e9kony dokumentumkezel\u00e9s. Mi professzion\u00e1lis megold\u00e1st ny\u00fajtunk adat- \u00e9s iratkezel\u00e9si probl\u00e9m\u00e1ira, v\u00e1lassza szolg\u00e1ltat\u00e1sunkat!\",\"breadcrumb\":{\"@id\":\"https:\\\/\\\/www.dwsdigital.hu\\\/koszonto\\\/#breadcrumb\"},\"inLanguage\":\"en-GB\",\"potentialAction\":[{\"@type\":\"ReadAction\",\"target\":[\"https:\\\/\\\/www.dwsdigital.hu\\\/koszonto\\\/\"]}]},{\"@type\":\"BreadcrumbList\",\"@id\":\"https:\\\/\\\/www.dwsdigital.hu\\\/koszonto\\\/#breadcrumb\",\"itemListElement\":[{\"@type\":\"ListItem\",\"position\":1,\"name\":\"Home\",\"item\":\"https:\\\/\\\/www.dwsdigital.hu\\\/\"},{\"@type\":\"ListItem\",\"position\":2,\"name\":\"K\u00f6sz\u00f6nt\u0151\"}]},{\"@type\":\"WebSite\",\"@id\":\"https:\\\/\\\/www.dwsdigital.hu\\\/#website\",\"url\":\"https:\\\/\\\/www.dwsdigital.hu\\\/\",\"name\":\"DWS Digital Kft.\",\"description\":\"Iratdigitaliz\u00e1l\u00e1si megold\u00e1sok\",\"potentialAction\":[{\"@type\":\"SearchAction\",\"target\":{\"@type\":\"EntryPoint\",\"urlTemplate\":\"https:\\\/\\\/www.dwsdigital.hu\\\/?s={search_term_string}\"},\"query-input\":{\"@type\":\"PropertyValueSpecification\",\"valueRequired\":true,\"valueName\":\"search_term_string\"}}],\"inLanguage\":\"en-GB\"}]}<\/script>\n<!-- \/ Yoast SEO plugin. -->","yoast_head_json":{"title":"Complex solution for document and paper management","description":"For many companies, efficient document management is a problem. We provide professional solutions to your data and document management problems, choose our service!","robots":{"index":"index","follow":"follow","max-snippet":"max-snippet:-1","max-image-preview":"max-image-preview:large","max-video-preview":"max-video-preview:-1"},"canonical":"https:\/\/www.dwsdigital.hu\/en\/koszonto\/","og_locale":"en_GB","og_type":"article","og_title":"Komplex megold\u00e1s a dokumentum-, \u00e9s iratkezel\u00e9sben","og_description":"Sok c\u00e9g sz\u00e1m\u00e1ra jelent gondot a hat\u00e9kony dokumentumkezel\u00e9s. Mi professzion\u00e1lis megold\u00e1st ny\u00fajtunk adat- \u00e9s iratkezel\u00e9si probl\u00e9m\u00e1ira, v\u00e1lassza szolg\u00e1ltat\u00e1sunkat!","og_url":"https:\/\/www.dwsdigital.hu\/en\/koszonto\/","og_site_name":"DWS Digital Kft.","article_modified_time":"2023-01-06T18:09:59+00:00","twitter_card":"summary_large_image","twitter_misc":{"Estimated reading time":"2 minutes"},"schema":{"@context":"https:\/\/schema.org","@graph":[{"@type":"WebPage","@id":"https:\/\/www.dwsdigital.hu\/koszonto\/","url":"https:\/\/www.dwsdigital.hu\/koszonto\/","name":"Complex solution for document and paper management","isPartOf":{"@id":"https:\/\/www.dwsdigital.hu\/#website"},"datePublished":"2020-11-21T11:21:54+00:00","dateModified":"2023-01-06T18:09:59+00:00","description":"For many companies, efficient document management is a problem. We provide professional solutions to your data and document management problems, choose our service!","breadcrumb":{"@id":"https:\/\/www.dwsdigital.hu\/koszonto\/#breadcrumb"},"inLanguage":"en-GB","potentialAction":[{"@type":"ReadAction","target":["https:\/\/www.dwsdigital.hu\/koszonto\/"]}]},{"@type":"BreadcrumbList","@id":"https:\/\/www.dwsdigital.hu\/koszonto\/#breadcrumb","itemListElement":[{"@type":"ListItem","position":1,"name":"Home","item":"https:\/\/www.dwsdigital.hu\/"},{"@type":"ListItem","position":2,"name":"K\u00f6sz\u00f6nt\u0151"}]},{"@type":"WebSite","@id":"https:\/\/www.dwsdigital.hu\/#website","url":"https:\/\/www.dwsdigital.hu\/","name":"DWS Digital Kft.","description":"Data digitisation solutions","potentialAction":[{"@type":"SearchAction","target":{"@type":"EntryPoint","urlTemplate":"https:\/\/www.dwsdigital.hu\/?s={search_term_string}"},"query-input":{"@type":"PropertyValueSpecification","valueRequired":true,"valueName":"search_term_string"}}],"inLanguage":"en-GB"}]}},"_links":{"self":[{"href":"https:\/\/www.dwsdigital.hu\/en\/wp-json\/wp\/v2\/pages\/495","targetHints":{"allow":["GET"]}}],"collection":[{"href":"https:\/\/www.dwsdigital.hu\/en\/wp-json\/wp\/v2\/pages"}],"about":[{"href":"https:\/\/www.dwsdigital.hu\/en\/wp-json\/wp\/v2\/types\/page"}],"author":[{"embeddable":true,"href":"https:\/\/www.dwsdigital.hu\/en\/wp-json\/wp\/v2\/users\/1"}],"replies":[{"embeddable":true,"href":"https:\/\/www.dwsdigital.hu\/en\/wp-json\/wp\/v2\/comments?post=495"}],"version-history":[{"count":17,"href":"https:\/\/www.dwsdigital.hu\/en\/wp-json\/wp\/v2\/pages\/495\/revisions"}],"predecessor-version":[{"id":2166,"href":"https:\/\/www.dwsdigital.hu\/en\/wp-json\/wp\/v2\/pages\/495\/revisions\/2166"}],"wp:attachment":[{"href":"https:\/\/www.dwsdigital.hu\/en\/wp-json\/wp\/v2\/media?parent=495"}],"curies":[{"name":"wp","href":"https:\/\/api.w.org\/{rel}","templated":true}]}}